{"id":89,"date":"2018-03-03T20:59:49","date_gmt":"2018-03-03T19:59:49","guid":{"rendered":"http:\/\/www.zlinskejaro.cz\/?page_id=89"},"modified":"2018-03-03T20:59:49","modified_gmt":"2018-03-03T19:59:49","slug":"video-znelka","status":"publish","type":"page","link":"https:\/\/zlinskakrizovatka.cz\/zlinskejaro\/video-znelka\/","title":{"rendered":"Video-zn\u011blka"},"content":{"rendered":"<iframe loading=\"lazy\"  id=\"_ytid_91461\"  width=\"480\" height=\"270\"  data-origwidth=\"480\" data-origheight=\"270\" src=\"https:\/\/www.youtube.com\/embed\/pvKfky1jxAI?enablejsapi=1&autoplay=0&cc_load_policy=0&cc_lang_pref=&iv_load_policy=1&loop=0&modestbranding=0&rel=1&fs=1&playsinline=0&autohide=2&theme=dark&color=red&controls=1&\" class=\"__youtube_prefs__  no-lazyload\" title=\"YouTube player\"  allow=\"fullscreen; accelerometer; autoplay; clipboard-write; encrypted-media; gyroscope; picture-in-picture\" allowfullscreen data-no-lazy=\"1\" data-skipgform_ajax_framebjll=\"\"><\/iframe>\n<p>T\u00fdm student\u016f FMK pod veden\u00edm Martina J\u016fzy nato\u010dil v dubnu 2011 mezi ba\u0165ovsk\u00fdmi domky video zn\u011blku Zl\u00ednsk\u00e9ho jara. D\u011bkujeme student\u016fm, herc\u016fm a soused\u016fm dvou ba\u0165ovsk\u00fdch domk\u016f!<\/p>\n<p>Hraj\u00ed: Zden\u011bk Lambor a Pavel Leicman<\/p>\n<p>Sc\u00e9n\u00e1\u0159 a re\u017eie: Martin J\u016fza<\/p>\n<p>Kamera: Martin Sm\u00e9kal<\/p>\n<p>St\u0159ih: Lubo\u0161 Ondr\u00e1\u010dek<\/p>\n<p>Autor hudby: Mat\u011bj Valtr<\/p>\n","protected":false},"excerpt":{"rendered":"<p>T\u00fdm student\u016f FMK pod veden\u00edm Martina J\u016fzy nato\u010dil v dubnu 2011 mezi ba\u0165ovsk\u00fdmi domky video zn\u011blku Zl\u00ednsk\u00e9ho jara. D\u011bkujeme student\u016fm, herc\u016fm a soused\u016fm dvou ba\u0165ovsk\u00fdch domk\u016f! Hraj\u00ed: Zden\u011bk Lambor a Pavel Leicman Sc\u00e9n\u00e1\u0159 a re\u017eie: Martin J\u016fza Kamera: Martin Sm\u00e9kal [&hellip;]<\/p>\n","protected":false},"author":1,"featured_media":0,"parent":0,"menu_order":0,"comment_status":"closed","ping_status":"closed","template":"","meta":{"_acf_changed":false,"footnotes":""},"class_list":["post-89","page","type-page","status-publish","hentry"],"acf":[],"_links":{"self":[{"href":"https:\/\/zlinskakrizovatka.cz\/zlinskejaro\/wp-json\/wp\/v2\/pages\/89","targetHints":{"allow":["GET"]}}],"collection":[{"href":"https:\/\/zlinskakrizovatka.cz\/zlinskejaro\/wp-json\/wp\/v2\/pages"}],"about":[{"href":"https:\/\/zlinskakrizovatka.cz\/zlinskejaro\/wp-json\/wp\/v2\/types\/page"}],"author":[{"embeddable":true,"href":"https:\/\/zlinskakrizovatka.cz\/zlinskejaro\/wp-json\/wp\/v2\/users\/1"}],"replies":[{"embeddable":true,"href":"https:\/\/zlinskakrizovatka.cz\/zlinskejaro\/wp-json\/wp\/v2\/comments?post=89"}],"version-history":[{"count":0,"href":"https:\/\/zlinskakrizovatka.cz\/zlinskejaro\/wp-json\/wp\/v2\/pages\/89\/revisions"}],"wp:attachment":[{"href":"https:\/\/zlinskakrizovatka.cz\/zlinskejaro\/wp-json\/wp\/v2\/media?parent=89"}],"curies":[{"name":"wp","href":"https:\/\/api.w.org\/{rel}","templated":true}]}}