{"id":89,"date":"2019-10-28T13:07:23","date_gmt":"2019-10-28T12:07:23","guid":{"rendered":"http:\/\/zlinskakrizovatka.cz\/festivalsvobodyvezline\/?page_id=89"},"modified":"2019-10-28T16:14:05","modified_gmt":"2019-10-28T15:14:05","slug":"o-festivalu-svobody","status":"publish","type":"page","link":"https:\/\/zlinskakrizovatka.cz\/festivalsvobodyvezline\/o-festivalu-svobody\/","title":{"rendered":"O Festivalu svobody"},"content":{"rendered":"\n<p>Festival svobody je celorepublikovou platformou pro organizaci akc\u00ed k v\u00fdro\u010d\u00ed 17. listopadu 1989: <a rel=\"noreferrer noopener\" aria-label=\"www.festivalsvobody.cz (otev\u0159e se na nov\u00e9 z\u00e1lo\u017ece)\" href=\"http:\/\/festivalsvobody.cz\" target=\"_blank\">www.festivalsvobody.cz<\/a><\/p>\n\n\n\n<p><\/p>\n\n\n\n<h2 class=\"wp-block-heading\">Spole\u010dn\u011b za svobodu a demokracii<\/h2>\n\n\n\n<p>Jsme otev\u0159en\u00e9 uskupen\u00ed nez\u00e1visl\u00fdch ob\u010dansk\u00fdch iniciativ a organizac\u00ed po\u0159\u00e1daj\u00edc\u00ed akce k v\u00fdro\u010d\u00ed 17. listopadu. Spojuj\u00ed n\u00e1s hodnoty v\u00e1zan\u00e9 k tomuto v\u00fdro\u010d\u00ed a pot\u0159eba jejich p\u0159\u00edtomnosti v dne\u0161n\u00ed dob\u011b. Ka\u017edoro\u010dn\u011b po\u0159\u00e1d\u00e1me koncerty, pr\u016fvody, besedy, happeningy a dal\u0161\u00ed akce. Tak\u00e9 vyd\u00e1v\u00e1me spole\u010dn\u00e9 memorandum.<\/p>\n\n\n\n<p><\/p>\n\n\n\n<h2 class=\"wp-block-heading\">Historie<\/h2>\n\n\n\n<p>Festival svobody v roce 2016 zalo\u017eili organiz\u00e1to\u0159i pra\u017esk\u00fdch akc\u00ed. Je\u0161t\u011b v tomt\u00e9\u017e roce se p\u0159ipojili t\u00e9\u017e po\u0159adatel\u00e9&nbsp; z dal\u0161\u00edch m\u011bst v\u010detn\u011b Zl\u00edna. V lo\u0148sk\u00e9m roce ji\u017e Festival svobody propojil akce ve 45 m\u011bstech nap\u0159\u00ed\u010d republikou.<\/p>\n\n\n\n<p><\/p>\n\n\n\n<h2 class=\"wp-block-heading\">Jak fungujeme<\/h2>\n\n\n\n<p>Zapojen\u00e9 akce jsou nez\u00e1visl\u00e9 a ka\u017ed\u00fd organiz\u00e1tor je zcela odpov\u011bdn\u00fd za realizaci sv\u00e9 akce. Propojujeme se, abychom:<\/p>\n\n\n\n<ul class=\"wp-block-list\"><li>Spole\u010dn\u011b koordinovali program, tak aby si akce nekonkurovali, ale dopl\u0148ovali se.<\/li><li>Vytvo\u0159ili srozumitelnou komunikaci v\u016f\u010di ve\u0159ejnosti i m\u00e9di\u00edm a propagovali spole\u010dn\u011b platformu a sv\u00e9 akce navz\u00e1jem.<\/li><li>Sd\u00edleli t\u00e9mata, symboly a organizovali spole\u010dn\u00e9 happeningy.<\/li><li>Sd\u00edleli informace, zku\u0161enosti a inspirovali se.<\/li><\/ul>\n\n\n\n<h2 class=\"wp-block-heading\"><\/h2>\n\n\n\n<p><\/p>\n\n\n\n<h2 class=\"wp-block-heading\">Manifest Festivalu svobody 2019<\/h2>\n\n\n\n<p>\u201eD\u00edky za svobodu! \u010c\u00edm v\u00edce j\u00ed u\u017e\u00edv\u00e1me, t\u00edm v\u00edce jsme lidmi. Jej\u00ed skute\u010dnou hodnotu pochop\u00edme, teprve kdy\u017e ji ztrat\u00edme.<\/p>\n\n\n\n<p>Co je svoboda slova, pochopil v sedmdes\u00e1t\u00fdch letech \u010disti\u010d v\u00fdloh, kter\u00fd pro p\u0159\u00e1tele opsal b\u00e1se\u0148 Jaroslava Seiferta \u2013 a p\u0159i\u0161li si pro n\u011bho p\u00e1nov\u00e9 z StB. Co je svoboda pohybu, si uv\u011bdomil mal\u00fd chlapec, jeho\u017e rodi\u010de z\u016fstali v zahrani\u010d\u00ed a st\u00e1tn\u00ed org\u00e1ny mu umo\u017enily setkat se s nimi a\u017e po deseti letech. Co je svoboda shroma\u017e\u010fov\u00e1n\u00ed, vtloukli esenb\u00e1ci obu\u0161ky do hlavy skupin\u011b mlad\u00fdch lid\u00ed, kte\u0159\u00ed se se\u0161li, aby dali najevo nesouhlas se zbyte\u010dn\u00fdm k\u00e1cen\u00edm strom\u016f\u2026<br><\/p>\n\n\n\n<p>A pro\u010d to p\u0159ipom\u00edn\u00e1me? Abychom nezapomn\u011bli, jakou hodnotu m\u00e1 svoboda, a abychom o ni nep\u0159i\u0161li.<\/p>\n\n\n\n<p>Svoboda! U\u017e 30 let tu von\u00ed a my si u\u017e\u00edv\u00e1me jej\u00ed plody: m\u00e1me svobodu slova a voln\u00fd p\u0159\u00edstup k informac\u00edm, m\u016f\u017eeme voln\u011b m\u011bnit povol\u00e1n\u00ed, podnikat, cestovat, zakl\u00e1dat spolky, d\u011blat um\u011bn\u00ed, vyzn\u00e1vat boha podle osobn\u00edho p\u0159esv\u011bd\u010den\u00ed a mnoho dal\u0161\u00edho.<br><\/p>\n\n\n\n<p>I dnes, v obdob\u00ed oslav 30 let svobody, jsme ale znepokojeni t\u00edm, co se d\u011bje u n\u00e1s i v zahrani\u010d\u00ed. Ob\u00e1v\u00e1me se, abychom nezodpov\u011bdn\u00fdm chov\u00e1n\u00edm o svobodu nep\u0159i\u0161li anebo si nen\u00e1vratn\u011b nezni\u010dili p\u0159\u00edrodu.<br><\/p>\n\n\n\n<p>Chceme-li \u017e\u00edt ve svobod\u011b, radosti a poctivosti, mus\u00edme je okolo sebe p\u011bstovat \u2013 doma, mezi p\u0159\u00e1teli, ve sv\u00e9m m\u011bst\u011b i v politice. Spojuje n\u00e1s l\u00e1ska ke svobod\u011b a \u00facta k t\u011bm, kte\u0159\u00ed se v minulosti za svobodu zasadili.<\/p>\n\n\n\n<p>17. listopadu se proto sejdeme v ulic\u00edch, na n\u00e1m\u011bst\u00edch i dal\u0161\u00edch m\u00edstech, abychom pod\u011bkovali za mo\u017enost ve svobod\u011b \u017e\u00edt.<br><\/p>\n\n\n\n<p>Sl\u00e1va svobod\u011b! Sl\u00e1va v\u0161em svobodn\u00fdm lidem dobr\u00e9 v\u016fle!<br><\/p>\n\n\n\n<p>Sejdeme se 17. listopadu na Festivalu svobody.\u201c<br><\/p>\n","protected":false},"excerpt":{"rendered":"<p>Festival svobody je celorepublikovou platformou pro organizaci akc\u00ed k v\u00fdro\u010d\u00ed 17. listopadu 1989: www.festivalsvobody.cz Spole\u010dn\u011b za svobodu a demokracii Jsme otev\u0159en\u00e9 uskupen\u00ed nez\u00e1visl\u00fdch ob\u010dansk\u00fdch iniciativ a organizac\u00ed po\u0159\u00e1daj\u00edc\u00ed akce k v\u00fdro\u010d\u00ed 17. listopadu. Spojuj\u00ed n\u00e1s hodnoty v\u00e1zan\u00e9 k tomuto v\u00fdro\u010d\u00ed a pot\u0159eba jejich p\u0159\u00edtomnosti v dne\u0161n\u00ed dob\u011b. Ka\u017edoro\u010dn\u011b po\u0159\u00e1d\u00e1me koncerty,&hellip;<\/p>\n","protected":false},"author":1,"featured_media":114,"parent":0,"menu_order":0,"comment_status":"closed","ping_status":"closed","template":"","meta":{"_acf_changed":false,"footnotes":""},"class_list":["post-89","page","type-page","status-publish","has-post-thumbnail","hentry"],"acf":[],"_links":{"self":[{"href":"https:\/\/zlinskakrizovatka.cz\/festivalsvobodyvezline\/wp-json\/wp\/v2\/pages\/89","targetHints":{"allow":["GET"]}}],"collection":[{"href":"https:\/\/zlinskakrizovatka.cz\/festivalsvobodyvezline\/wp-json\/wp\/v2\/pages"}],"about":[{"href":"https:\/\/zlinskakrizovatka.cz\/festivalsvobodyvezline\/wp-json\/wp\/v2\/types\/page"}],"author":[{"embeddable":true,"href":"https:\/\/zlinskakrizovatka.cz\/festivalsvobodyvezline\/wp-json\/wp\/v2\/users\/1"}],"replies":[{"embeddable":true,"href":"https:\/\/zlinskakrizovatka.cz\/festivalsvobodyvezline\/wp-json\/wp\/v2\/comments?post=89"}],"version-history":[{"count":6,"href":"https:\/\/zlinskakrizovatka.cz\/festivalsvobodyvezline\/wp-json\/wp\/v2\/pages\/89\/revisions"}],"predecessor-version":[{"id":147,"href":"https:\/\/zlinskakrizovatka.cz\/festivalsvobodyvezline\/wp-json\/wp\/v2\/pages\/89\/revisions\/147"}],"wp:featuredmedia":[{"embeddable":true,"href":"https:\/\/zlinskakrizovatka.cz\/festivalsvobodyvezline\/wp-json\/wp\/v2\/media\/114"}],"wp:attachment":[{"href":"https:\/\/zlinskakrizovatka.cz\/festivalsvobodyvezline\/wp-json\/wp\/v2\/media?parent=89"}],"curies":[{"name":"wp","href":"https:\/\/api.w.org\/{rel}","templated":true}]}}